{"id":73,"date":"2013-01-17T10:23:01","date_gmt":"2013-01-17T10:23:01","guid":{"rendered":"http:\/\/basenji.ee\/?page_id=73"},"modified":"2021-07-25T10:36:53","modified_gmt":"2021-07-25T07:36:53","slug":"liikmeks-astumine","status":"publish","type":"page","link":"https:\/\/www.basenji.ee\/?page_id=73","title":{"rendered":"Liikmeks astumine"},"content":{"rendered":"<p>Selleks, et liituda Eesti Basenji T\u00f5u\u00fchinguga, palume teil t\u00e4ita liitumisavaldus, mille leiate <a title=\"liikmeksastumise avaldus\" href=\"http:\/\/basenji.ee\/wp-content\/uploads\/2013\/01\/EBTU%CC%88-liikmeksastumine.doc\">siit<\/a>, ja tasuda 35 eurot (millest sisseastumismaks on 15 eur ja aastamaks 20 eur, viimase kehtivusaeg on 365 jooksvat kalendrip\u00e4eva) Eesti Basenji T\u00f5u\u00fchingu arvele EE961010220212091224.<\/p>\n<p>T\u00e4idetud avaldus palun saatke e-posti aadressile: info@basenji.ee<\/p>\n<p>Kuna t\u00f5u\u00fchingu p\u00f5hikirjaliseks \u00fclesandeks on koguda ja hallata Eestis elavate basenjide andmebaasi, on liitumisavaldusel koerte andmev\u00e4ljad, seega andmeid ei pea siis hiljem enam eraldi esitama ja aretusseplaneeritud isased\/emased koerad saavad teie loal reklaamiv\u00f5imaluse.<\/p>\n","protected":false},"excerpt":{"rendered":"<p>Selleks, et liituda Eesti Basenji T\u00f5u\u00fchinguga, palume teil t\u00e4ita liitumisavaldus, mille leiate siit, ja tasuda 35 eurot (millest sisseastumismaks on 15 eur ja aastamaks 20 eur, viimase kehtivusaeg on 365 jooksvat kalendrip\u00e4eva) Eesti Basenji T\u00f5u\u00fchingu arvele EE961010220212091224. T\u00e4idetud avaldus palun &hellip; <a class=\"kt-excerpt-readmore\" href=\"https:\/\/www.basenji.ee\/?page_id=73\" aria-label=\"Liikmeks astumine\">Read More<\/a><\/p>\n","protected":false},"author":1,"featured_media":0,"parent":53,"menu_order":2,"comment_status":"closed","ping_status":"open","template":"","meta":{"footnotes":""},"class_list":["post-73","page","type-page","status-publish","hentry"],"_links":{"self":[{"href":"https:\/\/www.basenji.ee\/index.php?rest_route=\/wp\/v2\/pages\/73","targetHints":{"allow":["GET"]}}],"collection":[{"href":"https:\/\/www.basenji.ee\/index.php?rest_route=\/wp\/v2\/pages"}],"about":[{"href":"https:\/\/www.basenji.ee\/index.php?rest_route=\/wp\/v2\/types\/page"}],"author":[{"embeddable":true,"href":"https:\/\/www.basenji.ee\/index.php?rest_route=\/wp\/v2\/users\/1"}],"replies":[{"embeddable":true,"href":"https:\/\/www.basenji.ee\/index.php?rest_route=%2Fwp%2Fv2%2Fcomments&post=73"}],"version-history":[{"count":5,"href":"https:\/\/www.basenji.ee\/index.php?rest_route=\/wp\/v2\/pages\/73\/revisions"}],"predecessor-version":[{"id":2755,"href":"https:\/\/www.basenji.ee\/index.php?rest_route=\/wp\/v2\/pages\/73\/revisions\/2755"}],"up":[{"embeddable":true,"href":"https:\/\/www.basenji.ee\/index.php?rest_route=\/wp\/v2\/pages\/53"}],"wp:attachment":[{"href":"https:\/\/www.basenji.ee\/index.php?rest_route=%2Fwp%2Fv2%2Fmedia&parent=73"}],"curies":[{"name":"wp","href":"https:\/\/api.w.org\/{rel}","templated":true}]}}