{"id":262,"date":"2013-01-31T10:40:11","date_gmt":"2013-01-31T10:40:11","guid":{"rendered":"http:\/\/basenji.ee\/?page_id=262"},"modified":"2021-07-25T10:55:30","modified_gmt":"2021-07-25T07:55:30","slug":"koera-ettevalmistamine-naituseks","status":"publish","type":"page","link":"https:\/\/www.basenji.ee\/?page_id=262","title":{"rendered":"Koera ettevalmistamine n\u00e4ituseks"},"content":{"rendered":"<p>Eesti Kennelliidu n\u00e4itusekalendrisse kantud ametlikel n\u00e4itustel saavad osaleda vaid eelregisteeritud koerad. Enamasti avatakse n\u00e4itusele registeerimine mitu kuud enne n\u00e4itust, ning registeerimisel on mitu hinnaperioodi. Eesti Kennelliidu n\u00e4ituste kalenderplaani <a href=\"http:\/\/www.kennelliit.ee\/yritused\/naitused\">leiate siit.\u00a0<\/a><br \/>\nKoerad, kes ei ole registreeritud konkreetsele n\u00e4itusele ning kataloogi kantud, ei saa osaleda n\u00e4itusel.<\/p>\n<p><b>Mida n\u00e4itusele kaasa v\u00f5tta:<\/b><\/p>\n<p>1. Terve koer ( ja ainult terve)<\/p>\n<p>2. EU lemmikloomapass, n\u00e4itusel tohib osaleda vaid n\u00f5utekohaselt vaktsineeritud koer (<a href=\"https:\/\/kennelliit.ee\/wp-content\/uploads\/2021\/04\/Vaktsineerimisnouded-alates-11.02.2021.pdf\">t\u00e4pne info siin<\/a>)<\/p>\n<p>2. N\u00e4ituserihm, maiusekott maiusega, numbrihoidja<\/p>\n<p>3. Soovi korral puur, kus koer saab puhata. Kindlasti vett ja s\u00f6\u00f6ki, kui s\u00f5it on pikk<\/p>\n<p>4. Talvel &#8211; soe tekk ja koerariided<\/p>\n<p>&nbsp;<\/p>\n<p><b>Mida koeralt n\u00e4itusel n\u00f5utakse:<\/b><\/p>\n<p>Koer peab oskama kolme asja: laskma ennast kohtunikul puudutada, seisma (pildil) ja koos h\u00e4ndleriga v\u00f5i omanikuga jooksma traavi \u00a0(pildil) ringis ning edasi-tagasi.<br \/>\n<img decoding=\"async\" class=\" aligncenter\" src=\"http:\/\/basenji.ee\/wp-content\/uploads\/2013\/01\/n%C3%A4ituseseis-ja-jooks.jpg\" alt=\"seisjooks\" \/><br \/>\n<b>Kuidas koera n\u00e4ituseks ette valmistada:<\/b><\/p>\n<p>1. Koer peaks olema sotsialiseeritud ja toime tulema suure hulga v\u00f5\u00f5raste inimeste ja koertega.<\/p>\n<p>2. Koer peaks olema rahulik, kui kohtunik vaatab ta hambaid.<\/p>\n<p>3. Koer peaks rahulikult reageerima kohtuniku puudutustele.<\/p>\n<p>4. Koer peaks oskama ilusasti seista nii laual kui ka p\u00f5randal.<\/p>\n<p>5. Koer peaks oskama ringis liikuda niimoodi, et kohtunik saab hinnata ta liikumist.<\/p>\n<p>6. Koer peaks olema puhas ning l\u00f5igatud k\u00fc\u00fcntega. Ka k\u00f5rvad ja silmad peavad olema puhtad.<\/p>\n<p>&nbsp;<\/p>\n<p>Seda k\u00f5ike ei saa koer ise teha. Omanik\/kasvataja\/h\u00e4ndler peavad seda oma koerale \u00f5petama. K\u00f5ige olulisem basenji treenimise juures on kannatlikkus ja hellus. Kiitke oma koera, koer peab saama harjutamisest vaid r\u00f5\u00f5mu. Pidage meeles, et basenji t\u00fcdineb kiiresti, koera tuleb j\u00e4lgida, millal ta t\u00fcdineb, sest vastasel korral ei ole treenimisest kasu. Te v\u00f5ite harjutada oma koeraga iseseisvalt v\u00f5i palgata selleks professionaalse h\u00e4ndleri.<\/p>\n<p>&nbsp;<\/p>\n<p><b>Mida peab teadma ja oskama koera h\u00e4ndler :<\/b><\/p>\n<p>1. Teie koer ei tohi olla agressiivne teiste koerte vastu.<\/p>\n<p>2. Ringis j\u00e4lgige kohtunikku. Ta annab teada, mida teil vaja ringis koeraga teha (liikuda, seista, asetada koer laua peale).<\/p>\n<p>3. Kuulake ringikorraldajat. Ta kutsub teid ringi, siis kui vaja (numbrite j\u00e4rjekorras).<\/p>\n<p>4. Olge viisakas ja korrektne kohtunikuga ning teiste v\u00f5istlejatega.<\/p>\n<p>5. \u00dcksk\u00f5ik, milline on tulemus &#8211; kiitke oma koera. See on v\u00e4ga t\u00e4htis!<\/p>\n<p>&nbsp;<\/p>\n<p><b>Edu k\u00f5igile n\u00e4itustel!<\/b><\/p>\n<p><b>Ja \u00e4rge unustage, et kohtuniku hinnang on tema subjektiivne arvamus.<\/b><\/p>\n","protected":false},"excerpt":{"rendered":"<p>Eesti Kennelliidu n\u00e4itusekalendrisse kantud ametlikel n\u00e4itustel saavad osaleda vaid eelregisteeritud koerad. Enamasti avatakse n\u00e4itusele registeerimine mitu kuud enne n\u00e4itust, ning registeerimisel on mitu hinnaperioodi. Eesti Kennelliidu n\u00e4ituste kalenderplaani leiate siit.\u00a0 Koerad, kes ei ole registreeritud konkreetsele n\u00e4itusele ning kataloogi kantud, &hellip; <a class=\"kt-excerpt-readmore\" href=\"https:\/\/www.basenji.ee\/?page_id=262\" aria-label=\"Koera ettevalmistamine n\u00e4ituseks\">Read More<\/a><\/p>\n","protected":false},"author":1,"featured_media":0,"parent":99,"menu_order":2,"comment_status":"closed","ping_status":"open","template":"","meta":{"footnotes":""},"class_list":["post-262","page","type-page","status-publish","hentry"],"_links":{"self":[{"href":"https:\/\/www.basenji.ee\/index.php?rest_route=\/wp\/v2\/pages\/262","targetHints":{"allow":["GET"]}}],"collection":[{"href":"https:\/\/www.basenji.ee\/index.php?rest_route=\/wp\/v2\/pages"}],"about":[{"href":"https:\/\/www.basenji.ee\/index.php?rest_route=\/wp\/v2\/types\/page"}],"author":[{"embeddable":true,"href":"https:\/\/www.basenji.ee\/index.php?rest_route=\/wp\/v2\/users\/1"}],"replies":[{"embeddable":true,"href":"https:\/\/www.basenji.ee\/index.php?rest_route=%2Fwp%2Fv2%2Fcomments&post=262"}],"version-history":[{"count":5,"href":"https:\/\/www.basenji.ee\/index.php?rest_route=\/wp\/v2\/pages\/262\/revisions"}],"predecessor-version":[{"id":2759,"href":"https:\/\/www.basenji.ee\/index.php?rest_route=\/wp\/v2\/pages\/262\/revisions\/2759"}],"up":[{"embeddable":true,"href":"https:\/\/www.basenji.ee\/index.php?rest_route=\/wp\/v2\/pages\/99"}],"wp:attachment":[{"href":"https:\/\/www.basenji.ee\/index.php?rest_route=%2Fwp%2Fv2%2Fmedia&parent=262"}],"curies":[{"name":"wp","href":"https:\/\/api.w.org\/{rel}","templated":true}]}}