{"id":232,"date":"2013-01-30T09:48:29","date_gmt":"2013-01-30T09:48:29","guid":{"rendered":"http:\/\/basenji.ee\/?page_id=232"},"modified":"2016-03-19T19:08:48","modified_gmt":"2016-03-19T17:08:48","slug":"aasta-basenji-2012","status":"publish","type":"page","link":"https:\/\/basenji.ee\/?page_id=232","title":{"rendered":"Aasta basenji 2012"},"content":{"rendered":"<p>12.01 kell 19.00 toimus Aasta basenji 2012 \u00fcritus Tartus Vilde lokaalis. \u00dcrituse k\u00e4igus avaldati Aasta basenji 2012 konkursi tulemused, r\u00e4\u00e4giti 2013. aasta plaanidest ja meie esimesest tulevasest erin\u00e4itusest.<br \/>\n<img decoding=\"async\" src=\"http:\/\/basenji.ee\/wp-content\/uploads\/2013\/01\/eesti-basenji2012-auhinnad-1024x768.jpg\" alt=\"auhinnad\" \/><br \/>\n<strong>Aasta basenji 2012 tulemused:<\/strong><\/p>\n<p><strong>PARIM MAASTIKUJOOKSJA 2012<\/strong><br \/>\n<strong>I koht<\/strong> -1907 punkti<br \/>\nSolebas Chic`N Classy<br \/>\nOmanik: Kristiina Verevm\u00e4gi &amp; Tiina Tootmaa<\/p>\n<p><strong>II koht<\/strong> \u2013 1794 punkti<br \/>\nSolebas Bright Spirit<br \/>\nOmanik: Kristi Tilk<\/p>\n<p><strong>III koht<\/strong> \u2013 1431 punkti<br \/>\nChiandra s Knjazheskogo dvora<br \/>\nOmanik: Inna Romanova<\/p>\n<p><strong>K\u00d5RGEIMAD JOOKSUPUNKTID<\/strong><br \/>\n511 punkti<br \/>\nSolebas Chic`N Classy<br \/>\nOmanik: Kristiina Verevm\u00e4gi &amp; Tiina Tootmaa<\/p>\n<p><strong>PARIM KUTSIKAS 2012<\/strong><br \/>\n<strong>I koht<\/strong> \u2013 17 punkti<br \/>\nFarlanders Busy Bumblebee<br \/>\nOmanik: Kerli &amp; Maire T\u00f5nurist<\/p>\n<p><strong>II koht<\/strong> \u2013 16 punkti<br \/>\nFarlanders Barefoot Vagabond<br \/>\nOmanik: Lille-Lii Kukk &amp; Kerli T\u00f5nurist<\/p>\n<p><strong>III koht<\/strong> \u2013 15 punkti<br \/>\nPharaoh`s Diamonds Fahim Faaris<br \/>\nOmanik: Inna Romanova<\/p>\n<p><strong>IV koht<\/strong> \u2013 13 punkti<br \/>\nFarlanders Because I Can<br \/>\nOmanik: Maire &amp; Kerli T\u00f5nurist<\/p>\n<p><strong>PARIM JUUNIOR 2012<\/strong><br \/>\n<strong>I koht<\/strong> \u2013 42 punkti<br \/>\nFarlanders Against All Storms<br \/>\nOmanik: Helerin &amp; Maire &amp; Kerli T\u00f5nurist<\/p>\n<p><strong>II \u2013III koht<\/strong> \u2013 8 punkti<br \/>\nBulldobas Zarah Safeguard<br \/>\nOmanik: Anneli Lind<\/p>\n<p>Congo Line A Classy Touch<br \/>\nOmanik: Viktoria Kolotsei<\/p>\n<p><strong>IV koht<\/strong> \u2013 6 punkti<br \/>\nFarlanders Because I Can<br \/>\nOmanik: Maire &amp; Kerli T\u00f5nurist<\/p>\n<p><strong>PARIM EMANE 2012<\/strong><br \/>\n<strong>I koht<\/strong> \u2013 27 punkti<br \/>\nAittakankaan Afshar Farlanders<br \/>\nOmanik: Kerli &amp; Maire T\u00f5nurist<\/p>\n<p><strong>II koht<\/strong> \u2013 18 punkti<br \/>\nFaraoland Viking Idun<br \/>\nOmanik: Kerli &amp; Maire T\u00f5nurist<\/p>\n<p><strong>III koht<\/strong> \u2013 11 punkti<br \/>\nBulldobas Zarah Safeguard<br \/>\nOmanik: Anneli Lind<\/p>\n<p><strong>IV koht<\/strong> \u2013 11 punkti<br \/>\nChiandra s Knjazheskogo dvora<br \/>\nOmanik: Inna Romanova<\/p>\n<p><strong>PARIM ISANE 2012<\/strong><br \/>\n<strong>I koht<\/strong> \u2013 56 punkti<br \/>\nFarlanders Against All Storms<br \/>\nOmanik: Helerin &amp; Maire &amp; Kerli T\u00f5nurist<\/p>\n<p><strong>II koht<\/strong> \u2013 8 punkti<br \/>\nFarlanders Because I Can<br \/>\nOmanik: Maire &amp; Kerli T\u00f5nurist<\/p>\n","protected":false},"excerpt":{"rendered":"<p>12.01 kell 19.00 toimus Aasta basenji 2012 \u00fcritus Tartus Vilde lokaalis. \u00dcrituse k\u00e4igus avaldati Aasta basenji 2012 konkursi tulemused, r\u00e4\u00e4giti 2013. aasta plaanidest ja meie esimesest tulevasest erin\u00e4itusest. Aasta basenji 2012 tulemused: PARIM MAASTIKUJOOKSJA 2012 I koht -1907 punkti Solebas &hellip; <a class=\"kt-excerpt-readmore\" href=\"https:\/\/basenji.ee\/?page_id=232\" aria-label=\"Aasta basenji 2012\">Read More<\/a><\/p>\n","protected":false},"author":1,"featured_media":0,"parent":53,"menu_order":0,"comment_status":"closed","ping_status":"open","template":"","meta":{"footnotes":""},"class_list":["post-232","page","type-page","status-publish","hentry"],"_links":{"self":[{"href":"https:\/\/basenji.ee\/index.php?rest_route=\/wp\/v2\/pages\/232","targetHints":{"allow":["GET"]}}],"collection":[{"href":"https:\/\/basenji.ee\/index.php?rest_route=\/wp\/v2\/pages"}],"about":[{"href":"https:\/\/basenji.ee\/index.php?rest_route=\/wp\/v2\/types\/page"}],"author":[{"embeddable":true,"href":"https:\/\/basenji.ee\/index.php?rest_route=\/wp\/v2\/users\/1"}],"replies":[{"embeddable":true,"href":"https:\/\/basenji.ee\/index.php?rest_route=%2Fwp%2Fv2%2Fcomments&post=232"}],"version-history":[{"count":5,"href":"https:\/\/basenji.ee\/index.php?rest_route=\/wp\/v2\/pages\/232\/revisions"}],"predecessor-version":[{"id":1296,"href":"https:\/\/basenji.ee\/index.php?rest_route=\/wp\/v2\/pages\/232\/revisions\/1296"}],"up":[{"embeddable":true,"href":"https:\/\/basenji.ee\/index.php?rest_route=\/wp\/v2\/pages\/53"}],"wp:attachment":[{"href":"https:\/\/basenji.ee\/index.php?rest_route=%2Fwp%2Fv2%2Fmedia&parent=232"}],"curies":[{"name":"wp","href":"https:\/\/api.w.org\/{rel}","templated":true}]}}