{"id":2158,"date":"2016-08-25T23:39:48","date_gmt":"2016-08-25T20:39:48","guid":{"rendered":"http:\/\/basenji.ee\/?page_id=2158"},"modified":"2016-08-25T23:39:48","modified_gmt":"2016-08-25T20:39:48","slug":"basenjide-erinaitus-2016","status":"publish","type":"page","link":"https:\/\/www.basenji.ee\/?page_id=2158","title":{"rendered":"Basenjide Erin\u00e4itus 2016"},"content":{"rendered":"<p style=\"text-align: center;\"><strong>19.08.2016 toimunud Basenjide Erin\u00e4ituse tulemused<\/strong><\/p>\n<p style=\"text-align: center;\"><strong>Kohtunik \u2013 Sofie Krigholm (kennel Enigma) Rootsi<\/strong><\/p>\n<p style=\"text-align: center;\"><a href=\"http:\/\/basenji.ee\/wp-content\/uploads\/2016\/08\/unnamed3.jpg\"><img loading=\"lazy\" decoding=\"async\" class=\"aligncenter size-full wp-image-2147\" src=\"http:\/\/basenji.ee\/wp-content\/uploads\/2016\/08\/unnamed3.jpg\" alt=\"unnamed3\" width=\"700\" height=\"282\" srcset=\"https:\/\/www.basenji.ee\/wp-content\/uploads\/2016\/08\/unnamed3.jpg 700w, https:\/\/www.basenji.ee\/wp-content\/uploads\/2016\/08\/unnamed3-300x121.jpg 300w\" sizes=\"auto, (max-width: 700px) 100vw, 700px\" \/><\/a><\/p>\n<p><strong>\u00a0<\/strong><\/p>\n<p><strong>Isased Kutsikad:<\/strong><\/p>\n<p>1 koht, EAH &#8211; FARLANDERS HIS MAJESTY<\/p>\n<p>2 koht, EAH &#8211; FARLANDERS HERE THERE EVERYWHERE<br \/>\n3 koht, EAH &#8211;\u00a0 FARLANDERS HOW HIGH CAN I FLY<\/p>\n<p>4 koht &#8211; FARLANDERS ITS ALL ABOUT ME<\/p>\n<p>5 koht &#8211; TIM SPIRIT GONARO<\/p>\n<p>&nbsp;<\/p>\n<p><strong>Emased Kutsikad:<\/strong><\/p>\n<p>1 koht, EAH \u2013 RED-LADY PAMARIO VILKE<\/p>\n<p>2 koht, EAH &#8211; HI-LITE RUMOUR HAS IT<br \/>\n3 koht, EAH &#8211;\u00a0 FARLANDERS HIDDEN TREASURE<\/p>\n<p>4 koht, EAH &#8211; FORTUNA NUMA EL KHALA<\/p>\n<p>5-7 koht &#8211; FARLANDERS HER ROYAL HIGHNESS<\/p>\n<p>5-7 koht &#8211; FARLANDERS IM LITTLE TINKERBELL<br \/>\n5-7 koht &#8211; FARLANDERS ITS UP TO YOU<\/p>\n<p>&nbsp;<\/p>\n<p style=\"text-align: center;\"><strong>T\u00d5U PARIM KUTSIKAS &#8211; <\/strong>FARLANDERS HIS MAJESTY<\/p>\n<p style=\"text-align: center;\"><strong>VASTASUGUPOOLE PARIM KUTSIKAS &#8211; <\/strong>RED-LADY PAMARIO VILKE<\/p>\n<p style=\"text-align: center;\"><a href=\"http:\/\/basenji.ee\/wp-content\/uploads\/2016\/08\/unnamed.jpg\"><img loading=\"lazy\" decoding=\"async\" class=\"aligncenter size-medium wp-image-2149\" src=\"http:\/\/basenji.ee\/wp-content\/uploads\/2016\/08\/unnamed-300x199.jpg\" alt=\"unnamed\" width=\"300\" height=\"199\" srcset=\"https:\/\/www.basenji.ee\/wp-content\/uploads\/2016\/08\/unnamed-300x199.jpg 300w, https:\/\/www.basenji.ee\/wp-content\/uploads\/2016\/08\/unnamed.jpg 700w\" sizes=\"auto, (max-width: 300px) 100vw, 300px\" \/><\/a><\/p>\n<p>&nbsp;<\/p>\n<p><strong>Isased Juuniori klass:<\/strong><\/p>\n<p>SP 1\/1 &#8211; SOLEBAS K\u00d5LAB KUI SERENAAD<\/p>\n<p>&nbsp;<\/p>\n<p><strong>Isased Noorteklass:<br \/>\n<\/strong>SP 1\/2, SK, PI-4 &#8211; KIMWITUS ESCAMILLO<br \/>\nSP 2\/2 &#8211; FARLANDERS FROM NOSE TO TOES<\/p>\n<p>&nbsp;<\/p>\n<p><strong>Isased Avaklass:<br \/>\n<\/strong>SP 1\/2, SK, PI-1, SERT, VSP &#8211; FARLANDERS CAN MAKE YOU SMILE<br \/>\nSP 2\/2 &#8211; FARLANDERS BAREFOOT VAGABOND<\/p>\n<p>&nbsp;<\/p>\n<p><strong>Isased T\u0161empioni klass:<\/strong><\/p>\n<p>SP 1\/5, SK, PI-2 &#8211; FARLANDERS DOUBLE DELUXE<br \/>\nSP 2\/5, SK, PI-3, FARLANDERS AGAINST ALL STORMS<br \/>\nSP 3\/5, SK &#8211; KEISI SVET INOZEMETS<br \/>\nSP 4\/5, SK &#8211; KANE PER LA VITA VAYRAS<br \/>\nSP 5\/5, SK &#8211; SOLEBAS HAPPY MOMENTS<\/p>\n<p>&nbsp;<\/p>\n<p style=\"text-align: center;\"><strong>PARIM ISANE:<\/strong><\/p>\n<p style=\"text-align: center;\">1 koht &#8211; FARLANDERS CAN MAKE YOU SMILE<br \/>\n2 koht &#8211; FARLANDERS DOUBLE DELUXE<\/p>\n<p style=\"text-align: center;\">3 koht &#8211; FARLANDERS AGAINST ALL STORMS<br \/>\n4 koht &#8211; KIMWITUS ESCAMILLO\n<\/p>\n<p style=\"text-align: center;\"><a href=\"http:\/\/basenji.ee\/wp-content\/uploads\/2016\/08\/unnamed1.jpg\"><img loading=\"lazy\" decoding=\"async\" class=\"aligncenter size-medium wp-image-2150\" src=\"http:\/\/basenji.ee\/wp-content\/uploads\/2016\/08\/unnamed1-300x200.jpg\" alt=\"unnamed1\" width=\"300\" height=\"200\" srcset=\"https:\/\/www.basenji.ee\/wp-content\/uploads\/2016\/08\/unnamed1-300x200.jpg 300w, https:\/\/www.basenji.ee\/wp-content\/uploads\/2016\/08\/unnamed1-272x182.jpg 272w, https:\/\/www.basenji.ee\/wp-content\/uploads\/2016\/08\/unnamed1.jpg 700w\" sizes=\"auto, (max-width: 300px) 100vw, 300px\" \/><\/a><\/p>\n<p><strong>Emased Noorteklass:<\/strong><\/p>\n<p>SP 1\/4, SK &#8211; FARLANDERS FOREVER AND EVER<\/p>\n<p>SP 2\/4 &#8211; PLEASURE TO LOVE ME INTO LIGHTNING<br \/>\nSP 3\/4 &#8211; CONGO LINE CELESTI ESTI<\/p>\n<p>SP 4\/4 &#8211; FARLANDERS GONNA MAKE YOU A STAR<\/p>\n<p>&nbsp;<\/p>\n<p><strong>Emased Avaklass:<\/strong><\/p>\n<p>SP 1\/2, SK, PE-1, SERT, TP &#8211; FARLANDERS ENJOY THE MAGIC<\/p>\n<p>SP 2\/2, SK &#8211; FARLANDERS EDITED BY ME<\/p>\n<p>&nbsp;<\/p>\n<p><strong>Emased T\u0161empioni klass:<\/strong><\/p>\n<p>SP 1\/4, SK, PE-2 &#8211; BULLDOBAS ZARAH SAFEGUARD<br \/>\nSP 2\/4, SK, PE-3 &#8211; FARLANDERS CAN I BE THE ONE<br \/>\nSP 3\/4 &#8211; SOLEBAS HUGS N&#8217;KISSES<br \/>\nSP 4\/4 &#8211; CRISPINA CANDY KONGO GAZELE<\/p>\n<p>&nbsp;<\/p>\n<p><strong>Emased Veterani klass:<\/strong><\/p>\n<p>SP 1\/1, SK, PE-4, TP VET &#8211; FARAOLAND VIKING IDUN<\/p>\n<p>&nbsp;<\/p>\n<p style=\"text-align: center;\"><strong>PARIM VETERAN<\/strong><\/p>\n<p style=\"text-align: center;\"><a href=\"http:\/\/basenji.ee\/wp-content\/uploads\/2016\/08\/unnamed2.jpg\"><img loading=\"lazy\" decoding=\"async\" class=\"aligncenter size-medium wp-image-2151\" src=\"http:\/\/basenji.ee\/wp-content\/uploads\/2016\/08\/unnamed2-300x199.jpg\" alt=\"unnamed2\" width=\"300\" height=\"199\" srcset=\"https:\/\/www.basenji.ee\/wp-content\/uploads\/2016\/08\/unnamed2-300x199.jpg 300w, https:\/\/www.basenji.ee\/wp-content\/uploads\/2016\/08\/unnamed2.jpg 700w\" sizes=\"auto, (max-width: 300px) 100vw, 300px\" \/><\/a><\/p>\n<p>&nbsp;<\/p>\n<p style=\"text-align: center;\"><strong>PARIM EMANE:<\/strong><\/p>\n<p style=\"text-align: center;\">1 koht &#8211; FARLANDERS ENJOY THE MAGIC<\/p>\n<p style=\"text-align: center;\">2 koht &#8211; BULLDOBAS ZARAH SAFEGUARD<br \/>\n3 koht &#8211; FARLANDERS CAN I BE THE ONE<br \/>\n4 koht &#8211; &#8211; FARAOLAND VIKING IDUN<\/p>\n<p style=\"text-align: center;\"><a href=\"http:\/\/basenji.ee\/wp-content\/uploads\/2016\/08\/unnamed4.jpg\"><img loading=\"lazy\" decoding=\"async\" class=\"aligncenter size-medium wp-image-2152\" src=\"http:\/\/basenji.ee\/wp-content\/uploads\/2016\/08\/unnamed4-300x199.jpg\" alt=\"unnamed4\" width=\"300\" height=\"199\" srcset=\"https:\/\/www.basenji.ee\/wp-content\/uploads\/2016\/08\/unnamed4-300x199.jpg 300w, https:\/\/www.basenji.ee\/wp-content\/uploads\/2016\/08\/unnamed4.jpg 700w\" sizes=\"auto, (max-width: 300px) 100vw, 300px\" \/><\/a><\/p>\n<p>&nbsp;<\/p>\n<p style=\"text-align: center;\"><strong>T\u00d5U PARIM \/ ERIN\u00c4ITUSE KAUNEIM BASENJI<\/strong> &#8211; FARLANDERS ENJOY THE MAGIC<br \/>\n<strong>VASTASSUGUPOOLE PARIM<\/strong> &#8211; FARLANDERS CAN MAKE YOU SMILE\n<\/p>\n<p style=\"text-align: center;\"><a href=\"http:\/\/basenji.ee\/wp-content\/uploads\/2016\/08\/unnamed5.jpg\"><img loading=\"lazy\" decoding=\"async\" class=\"aligncenter size-medium wp-image-2153\" src=\"http:\/\/basenji.ee\/wp-content\/uploads\/2016\/08\/unnamed5-300x199.jpg\" alt=\"unnamed5\" width=\"300\" height=\"199\" srcset=\"https:\/\/www.basenji.ee\/wp-content\/uploads\/2016\/08\/unnamed5-300x199.jpg 300w, https:\/\/www.basenji.ee\/wp-content\/uploads\/2016\/08\/unnamed5.jpg 700w\" sizes=\"auto, (max-width: 300px) 100vw, 300px\" \/><\/a><\/p>\n<p><strong>Kasvataja klass:<\/strong><\/p>\n<p>1 koht, EAH \u2013 kennel Farlanders<\/p>\n<p>&nbsp;<\/p>\n<p><strong>J\u00e4rglaste klass:<\/strong><\/p>\n<p>1 koht, EAH &#8211; FARAOLAND VIKING IDUN<\/p>\n<p>&nbsp;<\/p>\n<p><strong>Erin\u00e4ituse lisav\u00f5istluste v\u00f5itjad:<\/strong><\/p>\n<p><strong>Parim Liikuja<\/strong> &#8211; FARLANDERS AGAINST ALL STORMS<\/p>\n<p><strong>Parim Pea<\/strong> &#8211; FARLANDERS HERE THERE EVERYWHERE<\/p>\n<p><strong>Parim V\u00e4rv<\/strong> &#8211; SOLEBAS HUGS N&#8217;KISSES<\/p>\n<p><strong>Parim Saba <\/strong>&#8211; CRISPINA CANDY KONGO GAZELE<\/p>\n<p>&nbsp;<\/p>\n","protected":false},"excerpt":{"rendered":"<p>19.08.2016 toimunud Basenjide Erin\u00e4ituse tulemused Kohtunik \u2013 Sofie Krigholm (kennel Enigma) Rootsi \u00a0 Isased Kutsikad: 1 koht, EAH &#8211; FARLANDERS HIS MAJESTY 2 koht, EAH &#8211; FARLANDERS HERE THERE EVERYWHERE 3 koht, EAH &#8211;\u00a0 FARLANDERS HOW HIGH CAN I FLY &hellip; <a class=\"kt-excerpt-readmore\" href=\"https:\/\/www.basenji.ee\/?page_id=2158\" aria-label=\"Basenjide Erin\u00e4itus 2016\">Read More<\/a><\/p>\n","protected":false},"author":1,"featured_media":0,"parent":0,"menu_order":0,"comment_status":"closed","ping_status":"open","template":"","meta":{"footnotes":""},"class_list":["post-2158","page","type-page","status-publish","hentry"],"_links":{"self":[{"href":"https:\/\/www.basenji.ee\/index.php?rest_route=\/wp\/v2\/pages\/2158","targetHints":{"allow":["GET"]}}],"collection":[{"href":"https:\/\/www.basenji.ee\/index.php?rest_route=\/wp\/v2\/pages"}],"about":[{"href":"https:\/\/www.basenji.ee\/index.php?rest_route=\/wp\/v2\/types\/page"}],"author":[{"embeddable":true,"href":"https:\/\/www.basenji.ee\/index.php?rest_route=\/wp\/v2\/users\/1"}],"replies":[{"embeddable":true,"href":"https:\/\/www.basenji.ee\/index.php?rest_route=%2Fwp%2Fv2%2Fcomments&post=2158"}],"version-history":[{"count":1,"href":"https:\/\/www.basenji.ee\/index.php?rest_route=\/wp\/v2\/pages\/2158\/revisions"}],"predecessor-version":[{"id":2159,"href":"https:\/\/www.basenji.ee\/index.php?rest_route=\/wp\/v2\/pages\/2158\/revisions\/2159"}],"wp:attachment":[{"href":"https:\/\/www.basenji.ee\/index.php?rest_route=%2Fwp%2Fv2%2Fmedia&parent=2158"}],"curies":[{"name":"wp","href":"https:\/\/api.w.org\/{rel}","templated":true}]}}