{"id":85,"date":"2013-01-17T13:58:16","date_gmt":"2013-01-17T13:58:16","guid":{"rendered":"http:\/\/basenji.ee\/?page_id=85"},"modified":"2016-03-19T19:12:16","modified_gmt":"2016-03-19T17:12:16","slug":"tou-iseloomustus","status":"publish","type":"page","link":"http:\/\/www.basenji.ee\/?page_id=85","title":{"rendered":"T\u00f5u iseloomustus"},"content":{"rendered":"<p><strong>Basenji on suur koer v\u00e4ikeses pakendis<\/strong>: ta on sportlik, tugev ja kiire. Tema keha ja tema entusiasm on loodud\u00a0 jahiks. Basenji on loomulikul teel tekkinud ehk algup\u00e4rane t\u00f5ug &#8211;\u00a0kujunenud v\u00e4ga pika aja jooksul sel teel, et inimesed on v\u00e4lja praakinud koerad, kes ei vasta nende n\u00f5udmistele ja teiselt poolt on loodus v\u00e4lja praakinud lisaks need isendid, kes ei saa metsikus looduses piisavalt h\u00e4sti hakkama. Inimeste n\u00f5udmised on olnud aja jooksul erinevad: mitmesugune jaht, k\u00fcla valvamine, n\u00e4riliste h\u00e4vitamine. Sellise selektsiooni tulemusel on tekkinud koer, kes on tugev ja lihaseline, kelle liikumine on h\u00e4sti koordineeritud ning ta on vastupidav. Ta on ka silmale ilus vaadata: elegantne, t\u00e4iuslikult proportsioonis, silmad s\u00e4ravad, ta on elav ja t\u00e4helepanelik ning ta liikumine on kena ja voolav. Kui ta jookseb traavi, on see v\u00f5rreldav hobuse traaviga: pikk voolav hoogne samm. Selline liikumine v\u00f5imaldab s\u00e4\u00e4sta energiat pikaks retkeks. Ja liikumist basenji armastab: ta v\u00f5ib joosta ka lumes ja vihmas, kuigi ta m\u00e4rjakssaamist reeglina j\u00e4lestab\u00a0ning \u00fcle k\u00f5ige armastab sooja p\u00e4ikesepaistet.<br \/>\n<img decoding=\"async\" class=\" aligncenter\" src=\"http:\/\/basenji.ee\/wp-content\/uploads\/2013\/02\/bibi-ja-donna-metsas.jpg\" alt=\"Bibi ja Donna\" \/><br \/>\nBasenji on ettevaatlik koer. See ei ole argus. M\u00f5istlik ettevaatlikkus on aidanud basenjil aegade h\u00e4marusest meie ajani ellu j\u00e4\u00e4da. Samal p\u00f5hjusel v\u00f5ib ta karta pimedust. D\u017eunglisse ei ole kindlasti kasulik \u00f6\u00f6sel minna. Kui te l\u00e4hete tervitama basenjit, siis l\u00e4henege talle enesekindlalt ja respektiga. Laske tal k\u00f5igepealt nuusutada oma k\u00e4tt. Selline tagasihoidlik, kuid kindel k\u00e4itumine toob selle t\u00f5uga suhtlemisel suurt kasu. Kui basenji leiab, et olete piisavalt aupaklik, on ta igati meeldiv ja heas\u00fcdamlik koer. Basenji ei unusta, kui teda on halvasti koheldud. Ta on v\u00e4ga lojaalne neile, kes teda armastavad ja armastab neid ka ise kogu oma s\u00fcdamest. Samas v\u00f5\u00f5raste vastu on ta reeglina \u00fcksk\u00f5ikne.<\/p>\n<p>&nbsp;<\/p>\n<p>Basenji on v\u00e4ga intelligentne koer. Tema intelligentsus ei t\u00e4henda kuulekust. Basenji on oma m\u00f5tlemises iseseisev, tema uudishimu ja loovus on legendaarsed. Ta v\u00f5ib otsustada, et teil on \u00f5igus, kuid v\u00f5ib otsustada ka vastupidi. Ta \u00f5pib kergelt, kuid sageli sealhulgas asju, mis ei ole peremehele sobivad. Temaga kooselu on seet\u00f5ttu intrigeeriv. Teda treenides v\u00f5i ka muudes olukordades tuleb arvestada, et basenji t\u00fcdineb kiiresti. Sellisel juhul avaldab ta tegevusele aktiivset v\u00f5i passiivset vastupanu ja v\u00f5ib juhtuda, et edaspidi otsustab sellist situatsiooni \u00fcldse v\u00e4ltida. Seet\u00f5ttu peaks basenji karistamisel olema ettevaatlik. Ta teeb omad j\u00e4reldused inimese kohta, kes on teda halvasti kohelnud. Samas on basenji koer, kelle eluunistuseks\u00a0ei ole\u00a0teie kodus domineerida. Enamik neist lepib kergesti faktiga, et nad ei ole k\u00f5ige t\u00e4htsamad. Basenji on\u00a0koer, kes armastab seltskonda. Teda ei sobiks j\u00e4tta terveks pikaks p\u00e4evaks \u00fcksi koju. Tal on vaja liikumist enda \u00fcmber ning vaimset stimulatsiooni, ta peab ise liikuma ja kuuluma inimeste gruppi. Justnimelt kuuluma. Basenjil on oma perega v\u00e4ga tugev side.\u00a0 Kui teil on kodus basenji, siis te teete temaga ilmselt paljusid asju koos v\u00f5i v\u00e4hemalt viibite samas ruumis. Seda enam, et \u00fcks korralik basenji on ka \u00fclimalt uudishimulik &#8211; teil lihtsalt ei \u00f5nnestu midagi p\u00f5nevat teha nii, et tema terav nina ei oleks sellesse segatud. Hooletussej\u00e4etud basenji muutub kodus kiiresti \u00fcsna destruktiivseks. Seet\u00f5ttu tasub seda t\u00f5ugu koera v\u00f5ttes alati l\u00e4bi m\u00f5elda, kas temaga on v\u00f5imalik piisavalt palju aega koos veeta.<\/p>\n<p>&nbsp;<\/p>\n<p>Kogu oma sitkuse, tugevuse ja ettevaatlikkuse juures on basenji koer, kes \u00fcle k\u00f5ige armastab mugavust. Hea s\u00f6\u00f6k, peremehe voodi ja soe pehme tekk on see mida tema hing ihaldab. Aga ka k\u00f5ige selle juures eelistavad nad ikkagi, et neil oleks kontroll oma \u00fcmbruse \u00fcle.<\/p>\n<p><img decoding=\"async\" class=\" aligncenter\" src=\"http:\/\/basenji.ee\/wp-content\/uploads\/2013\/02\/puhkav-b.jpg\" alt=\"Lili\" \/><\/p>\n<p>Basenjil on tugevad instinktid jahiks ja elluj\u00e4\u00e4miseks, kuid sageli need kahjuks ei sobi meie elukeskkonda. Basenjil on suurep\u00e4rane haistmine, kuulmine ja n\u00e4gemine. Ta ei ole koer, kelle v\u00f5ib unustada tundideks \u00fcksinda tagaaeda. Kui ta v\u00e4ga tahab, suudab ta ronida v\u00f5i h\u00fcpata \u00fcle aia, kraapida aia alla tunneli, h\u00fcpata v\u00e4lja poolkinnisest aknast v\u00f5i n\u00e4rida seina sisse augu ja p\u00f5geneda. \u00a0Temaga\u00a0 tuleb v\u00e4ga ettevaatlik olla, kui ta on lahtiselt autos, sest ukse avanedes v\u00f5ib ta v\u00e4lja h\u00fcpata. Basenjit ei tohi mingil juhul rihma otsast lahti lasta autoteede l\u00e4heduses. Kuna ta on jahikoer, siis v\u00f5ib ta kaduma minna ka kohtades, kus on ulukeid. Ilma rihmata basenjit ei saa kahjuks kunagi t\u00e4iesti usaldada. \u00dcks olulisi elukindlustusi on teda \u00f5petada juba kutsikast peale kuuletuma k\u00e4sule \u201esiia!\u201c.<\/p>\n<p>&nbsp;<\/p>\n<p>Kuna basenjid on pidanud palju aastatuhandeid oma toidu ise hankima: varastades, k\u00fcttides jne., siis on nad ka praegu pidevalt huvitatud toidust, sest nende arvates on ainuke hea koht toidu jaoks nende endi k\u00f5ht. Seega \u2013 kui kodus on basenji, ei ole m\u00f5tet toitu laokile j\u00e4tta. \u00d5ues jalutades tuleb hoolega j\u00e4lgida, mida nad suhu ahmivad, sest nad s\u00f6\u00f6vad igaks juhuks k\u00f5ik \u00e4ra, mis s\u00f6\u00f6ki meenutab. V\u00f5ib juhtuda, et nende asjade hulgas on ka toidu pakendeid jms, mis v\u00f5ivad olla eluohtlikud.<br \/>\nBasenjid v\u00f5ivad t\u00e4iskasvanuna mitte sallida teisi koeri. Eriti just teisi basenjisid. Enamasti tolereeritakse neid koeri, keda on tuntud juba kutsikap\u00f5lvest alates. Selle probleemi vastu aitab m\u00f5nev\u00f5rra, kui kutsikat korralikult sotsialiseerida &#8211; tutvustada talle juba v\u00e4ikesest peale paljusid s\u00f5bralikke koeri ja teisi basenjisid ning j\u00e4tkata seda suhtlust pidevalt. Samas v\u00f5ib ikkagi juhtuda, et t\u00e4iskasvanuna talle paljud koerad enam ei meeldi.<br \/>\nL\u00e4htuvalt basenji iseloomust sobivad talle ainult \u201epehmed\u201c treeningmeetodid \u2013 n\u00e4iteks klikkertreening ja kindlasti palju head maiust ning kiitmist. K\u00f5ik nn. domineerimisteooriad ei pruugi olla basenjile sobiv. Basenji on raskesti treenitav t\u00f5ug. Ehkki ta \u00f5pib v\u00e4ga kergesti, t\u00fcdineb ta ruttu, seega treeningud peaksid olema suhteliselt l\u00fchikesed, tuleks j\u00e4lgida oma koera t\u00fcdimuse m\u00e4rke. Basenjiga \u00f5nnelikult kooselamise saladus on veenda koera, et konkreetne tegevus on tema enda huvides. See k\u00e4ib ka treenimise kohta. Basenji ei ole koer, kes teeb midagi selleks, et peremees oleks rahul. Seega peaks basenji peremees olema kindlasti targem kui tema basenji.<br \/>\n<img decoding=\"async\" class=\" aligncenter\" src=\"http:\/\/basenji.ee\/wp-content\/uploads\/2013\/02\/bibi-ja-anni-maisikepikestega.jpg\" alt=\"Bibi ja Anni maisikepikestega\" \/><\/p>\n<p><b>Veel fakte basenji kohta:<\/b><\/p>\n<ul>\n<li>Basenjid ei haugu koerale iseloomulikul viisil. Nad v\u00f5ivad kuuldavale tuua \u00fcksiku haugatuse, kui olukord n\u00f5uab, aga see on ka k\u00f5ik. Samas on neil v\u00e4ga iseloomulik \u201ebasenji keel\u201c: mis koosneb joodeldavatest ja undavatest h\u00e4\u00e4litsustest. See on m\u00f5nev\u00f5rra sarnane h\u00e4\u00e4ltele, mida teevad hundid ja dingod.<\/li>\n<li>Basenjidel nagu ka m\u00f5nel teisel algup\u00e4rasel t\u00f5ul on jooksuaeg enamasti kord aastas, meie kliimas tavaliselt s\u00fcgisel. Kutsikad s\u00fcnnivad j\u00f5ulude paiku.<\/li>\n<li>Basenji vajab aktiivset tegevust. Ta on hea jooksu- ja matkakaaslane. Kui ta ei saa piisavalt vaimset ja\/v\u00f5i kehalist stimulatsiooni on tal igav ja ta v\u00f5ib muutuda destruktiivseks: l\u00f5hkuda m\u00f6\u00f6blit, jalan\u00f5usid jms.<\/li>\n<li>Basenjid on suhteliselt terved koerad, kuid ka neil v\u00f5ivad esineda siiski m\u00f5ned kaasas\u00fcndinud haigused. N\u00e4iteks Fanconi s\u00fcndroom (vt. <a title=\"tervis\" href=\"http:\/\/basenji.ee\/?page_id=88\">basenji tervis<\/a>). Keskmine eluiga on basenjidel ca\u2019 14 aastat. Aga loomulikult s\u00f5ltub see konkreetse koera tervisest, f\u00fc\u00fcsiliset tegevusest ja sellest, kui \u00f5nnelik on tema kodu.<\/li>\n<li>\u00dcldiselt basenjid armastavad (eriti oma pere) lapsi ja on kannatlikud. Samas v\u00f5ib olla kooslus v\u00e4ike laps ja basenji siiski pisut keerukas, sest basenji v\u00f5tab last kui omasugust ja v\u00f5ib n\u00e4ksata, kui laps pealet\u00fckkivaks muutub v\u00f5i haiget teeb. T\u00e4iskasvanud koerad, kes ei ole v\u00e4ikeste lastega harjunud, v\u00f5ivad siiski lapsi ebameeldivaks n\u00e4htuseks pidada.<\/li>\n<li>Basenji on v\u00e4ga puhas koer. Ta puhastab ennast sageli ja lisaks sellele v\u00e4ldib mustust. Samuti v\u00f5ib ta keelduda vihmase ilmaga v\u00e4lja minemast, sest talle ei meeldi vihm ja pori. Basenjidel puudub t\u00fc\u00fcpiline \u201ekoeral\u00f5hn\u201c, nad peaaegu ei l\u00f5hna.<\/li>\n<li>Basenjit ei ole m\u00f5istlik pidada samas kodus koos hamstrite, merisigade, rottide v\u00f5i lindudega. Basenji jaoks on see potentsiaalne eine. Kassidele nad teevad sageli erandi, aga parem, kui nad sel juhul on olnud koos\u00a0 kassiga kutsikaeast alates.<\/li>\n<li>Basenji on jahikoer. Ta suudab saaki taga ajada nii j\u00e4lgi pidi, kui ka saagile visuaalselt j\u00e4rgnedes. Samas, samuti kui hurdad, ei s\u00f5ltu nad peremehe m\u00e4rguannetest, nad lihtsalt ajavad saaki taga &#8211;\u00a0 kui neid on palju, piiravad saagi\u00a0 \u00fcmber. Nende loomulikus keskkonnas Aafrikas on neid kasutatud ka suuremate loomade v\u00f5rkuajamiseks. Hea jahikoerana on nad olnud (ja on m\u00f5nel pool praegugi) sageli ainus, mis traditsioonilises k\u00fclas peret n\u00e4ljast lahutab, seega hoolitseti koerte eest sageli paremini kui oma pere eest.<\/li>\n<\/ul>\n<p><strong>Basenji on Sulle sobiv koer, kui sa armastad liikuda, sa ei taha koera, kes kuuletub iga su k\u00e4su peale ja sul on huumorimeelt. Enne selle t\u00f5u v\u00f5tmist peaksid sa siiski selle v\u00e4ga hoolega l\u00e4bi m\u00f5tlema &#8211; ja eriti anal\u00fc\u00fcsima m\u00f5ttetera &#8220;kui sa soovid endale tavalist koera, siis sa ilmselt ei\u00a0v\u00f5ta basenjit&#8221;.<\/strong><\/p>\n<p>Huviline v\u00f5ib vaadata ka Animal Planeti Dogs 101 sarjas ilmunud <a title=\"basenji\" href=\"http:\/\/www.animalplanet.com\/tv-shows\/dogs-101\/videos\/basenji.htm\" target=\"_blank\">basenji l\u00fchiiseloomustust<\/a>.<\/p>\n<p><em>Koostanud Anu Aavik<\/em><\/p>\n<p>&nbsp;<\/p>\n<p><b><i>Kasutatud allikad<\/i><\/b><\/p>\n<p><i>Judging the basenji. <a href=\"http:\/\/www.basenjiclubofgb.org\/klinkowski.shtml\">http:\/\/www.basenjiclubofgb.org\/klinkowski.shtml<\/a><\/i><\/p>\n<p><i>Basenji personality. <a href=\"http:\/\/basenji-freunde.com\/basenji%20personality.htm\">http:\/\/basenji-freunde.com\/basenji%20personality.htm<\/a><\/i><\/p>\n<p><i>\u00a0<\/i><\/p>\n","protected":false},"excerpt":{"rendered":"<p>Basenji on suur koer v\u00e4ikeses pakendis: ta on sportlik, tugev ja kiire. Tema keha ja tema entusiasm on loodud\u00a0 jahiks. Basenji on loomulikul teel tekkinud ehk algup\u00e4rane t\u00f5ug &#8211;\u00a0kujunenud v\u00e4ga pika aja jooksul sel teel, et inimesed on v\u00e4lja praakinud &hellip; <a class=\"kt-excerpt-readmore\" href=\"http:\/\/www.basenji.ee\/?page_id=85\" aria-label=\"T\u00f5u iseloomustus\">Read More<\/a><\/p>\n","protected":false},"author":1,"featured_media":0,"parent":55,"menu_order":2,"comment_status":"closed","ping_status":"open","template":"","meta":{"footnotes":""},"class_list":["post-85","page","type-page","status-publish","hentry"],"_links":{"self":[{"href":"http:\/\/www.basenji.ee\/index.php?rest_route=\/wp\/v2\/pages\/85","targetHints":{"allow":["GET"]}}],"collection":[{"href":"http:\/\/www.basenji.ee\/index.php?rest_route=\/wp\/v2\/pages"}],"about":[{"href":"http:\/\/www.basenji.ee\/index.php?rest_route=\/wp\/v2\/types\/page"}],"author":[{"embeddable":true,"href":"http:\/\/www.basenji.ee\/index.php?rest_route=\/wp\/v2\/users\/1"}],"replies":[{"embeddable":true,"href":"http:\/\/www.basenji.ee\/index.php?rest_route=%2Fwp%2Fv2%2Fcomments&post=85"}],"version-history":[{"count":5,"href":"http:\/\/www.basenji.ee\/index.php?rest_route=\/wp\/v2\/pages\/85\/revisions"}],"predecessor-version":[{"id":1204,"href":"http:\/\/www.basenji.ee\/index.php?rest_route=\/wp\/v2\/pages\/85\/revisions\/1204"}],"up":[{"embeddable":true,"href":"http:\/\/www.basenji.ee\/index.php?rest_route=\/wp\/v2\/pages\/55"}],"wp:attachment":[{"href":"http:\/\/www.basenji.ee\/index.php?rest_route=%2Fwp%2Fv2%2Fmedia&parent=85"}],"curies":[{"name":"wp","href":"https:\/\/api.w.org\/{rel}","templated":true}]}}