{"id":63,"date":"2013-01-17T10:19:48","date_gmt":"2013-01-17T10:19:48","guid":{"rendered":"http:\/\/basenji.ee\/?page_id=63"},"modified":"2026-01-10T12:03:00","modified_gmt":"2026-01-10T10:03:00","slug":"kutsikad","status":"publish","type":"page","link":"http:\/\/www.basenji.ee\/?page_id=63","title":{"rendered":"Kutsikad"},"content":{"rendered":"\n<p>Basenji kuulub algup\u00e4raste t\u00f5ugude hulka ning seet\u00f5ttu on antud t\u00f5u emastel vaid korra aastas jooksuaeg ning enamasti alati s\u00fcgisel. Seega on tavaliselt basenjikutsikaid saada vaid talviti.<\/p>\n\n\n\n<p>T\u00f5u\u00fchingu kasvatajate planeeritud\/s\u00fcndinud peskonnad talvel 25\/26:<\/p>\n\n\n\n<p>kennel <a href=\"https:\/\/www.facebook.com\/farlandersbasenjis\">Farlanders<\/a><br>S\u00fcndinud 26.12.2025, puna-valged kutsikad<br>5 t\u00fcdrukut + 1 poiss<\/p>\n\n\n\n<p>isa:Sternhimmels Roger Vadim \u201cRoger\u201d<br>tiitlid: C.I.B., C.I.B.-V, FI &amp; DNK &amp; SWE &amp; NO &amp; EST CH, FIN Vet CH, NORD JW-17, HeW-21, FIN W-21, Est VetW-25, HeCVW-25, Soome parim isane basenji 2019 &amp; 2021, Soome erin\u00e4ituse v\u00f5itja 2019<\/p>\n\n\n\n<p>ema: Farlanders Special Story to Tell \u201cPoppy\u201d<br>tiitlid: C.I.B., EST &amp; LV &amp; LTU &amp; BALT &amp; DNK &amp; FIN CH, EST &amp; LV &amp; LTU &amp; BALT JCH, BALT W-24, LV W-23, EST W-23, EST JW-22, Eesti parim basenji &nbsp;2024, L\u00e4ti erin\u00e4ituse v\u00f5itja 2022<\/p>\n\n\n\n<p>M\u00f5lemal vanemal laialdased terviseuuringud tehtud.<\/p>\n\n\n\n<p>Kasvataja: <a href=\"https:\/\/www.facebook.com\/kerli.tonurist\">Kerli Liivand<\/a>, email: kerli123@hotmail.com<\/p>\n\n\n\n<p><\/p>\n","protected":false},"excerpt":{"rendered":"<p>Basenji kuulub algup\u00e4raste t\u00f5ugude hulka ning seet\u00f5ttu on antud t\u00f5u emastel vaid korra aastas jooksuaeg ning enamasti alati s\u00fcgisel. Seega on tavaliselt basenjikutsikaid saada vaid talviti. T\u00f5u\u00fchingu kasvatajate planeeritud\/s\u00fcndinud peskonnad talvel 25\/26: kennel FarlandersS\u00fcndinud 26.12.2025, puna-valged kutsikad5 t\u00fcdrukut + 1 &hellip; <a class=\"kt-excerpt-readmore\" href=\"http:\/\/www.basenji.ee\/?page_id=63\" aria-label=\"Kutsikad\">Read More<\/a><\/p>\n","protected":false},"author":1,"featured_media":0,"parent":0,"menu_order":4,"comment_status":"closed","ping_status":"open","template":"","meta":{"footnotes":""},"class_list":["post-63","page","type-page","status-publish","hentry"],"_links":{"self":[{"href":"http:\/\/www.basenji.ee\/index.php?rest_route=\/wp\/v2\/pages\/63","targetHints":{"allow":["GET"]}}],"collection":[{"href":"http:\/\/www.basenji.ee\/index.php?rest_route=\/wp\/v2\/pages"}],"about":[{"href":"http:\/\/www.basenji.ee\/index.php?rest_route=\/wp\/v2\/types\/page"}],"author":[{"embeddable":true,"href":"http:\/\/www.basenji.ee\/index.php?rest_route=\/wp\/v2\/users\/1"}],"replies":[{"embeddable":true,"href":"http:\/\/www.basenji.ee\/index.php?rest_route=%2Fwp%2Fv2%2Fcomments&post=63"}],"version-history":[{"count":5,"href":"http:\/\/www.basenji.ee\/index.php?rest_route=\/wp\/v2\/pages\/63\/revisions"}],"predecessor-version":[{"id":2983,"href":"http:\/\/www.basenji.ee\/index.php?rest_route=\/wp\/v2\/pages\/63\/revisions\/2983"}],"wp:attachment":[{"href":"http:\/\/www.basenji.ee\/index.php?rest_route=%2Fwp%2Fv2%2Fmedia&parent=63"}],"curies":[{"name":"wp","href":"https:\/\/api.w.org\/{rel}","templated":true}]}}