{"id":2355,"date":"2018-01-22T22:00:55","date_gmt":"2018-01-22T20:00:55","guid":{"rendered":"http:\/\/basenji.ee\/?page_id=2355"},"modified":"2021-01-01T17:01:13","modified_gmt":"2021-01-01T15:01:13","slug":"uritused","status":"publish","type":"page","link":"http:\/\/www.basenji.ee\/?page_id=2355","title":{"rendered":"\u00dcritused"},"content":{"rendered":"<p><a href=\"http:\/\/basenji.ee\/?page_id=232&amp;lang=et\">Aasta basenji 2012<\/a><\/p>\n<p><a href=\"http:\/\/basenji.ee\/?page_id=911&amp;lang=et\">Aasta basenji 2013<\/a><\/p>\n<p><a href=\"http:\/\/basenji.ee\/?page_id=1110&amp;lang=et\">Aasta basenji 2014<\/a><\/p>\n<p><a href=\"http:\/\/basenji.ee\/?page_id=1226&amp;lang=et\">Aasta basenji 2015<\/a><\/p>\n<p><a href=\"http:\/\/basenji.ee\/?page_id=2192&amp;lang=et\">Aasta basenji 2016<\/a><\/p>\n<p><a href=\"http:\/\/basenji.ee\/?page_id=2358&amp;lang=et\">Aasta basenji 2017<\/a><\/p>\n<p><a href=\"http:\/\/basenji.ee\/?page_id=2597&amp;lang=e\">Aasta basenji 2018<\/a><\/p>\n<p><a href=\"http:\/\/basenji.ee\/?page_id=2658&amp;lang=et\">Aasta basenji 2019<\/a><\/p>\n<p><a href=\"http:\/\/basenji.ee\/?page_id=2720&amp;lang=et\">Aasta basenji 2020<\/a><\/p>\n<p>&nbsp;<\/p>\n<p>&nbsp;<\/p>\n<p><a href=\"http:\/\/basenji.ee\/?page_id=401&amp;lang=et\">Basenji Erin\u00e4itus 2013<\/a><\/p>\n<p><a href=\"http:\/\/basenji.ee\/?page_id=1015&amp;lang=et\">Basenji Erin\u00e4itus 2014<\/a><\/p>\n<p><a href=\"http:\/\/basenji.ee\/?page_id=1130&amp;lang=et\">Basenji Erin\u00e4itus 2015<\/a><\/p>\n<p><a href=\"http:\/\/basenji.ee\/?page_id=2158&amp;lang=et\">Basenji Erin\u00e4itus 2016<\/a><\/p>\n","protected":false},"excerpt":{"rendered":"<p>Aasta basenji 2012 Aasta basenji 2013 Aasta basenji 2014 Aasta basenji 2015 Aasta basenji 2016 Aasta basenji 2017 Aasta basenji 2018 Aasta basenji 2019 Aasta basenji 2020 &nbsp; &nbsp; Basenji Erin\u00e4itus 2013 Basenji Erin\u00e4itus 2014 Basenji Erin\u00e4itus 2015 Basenji Erin\u00e4itus &hellip; <a class=\"kt-excerpt-readmore\" href=\"http:\/\/www.basenji.ee\/?page_id=2355\" aria-label=\"\u00dcritused\">Read More<\/a><\/p>\n","protected":false},"author":1,"featured_media":0,"parent":0,"menu_order":0,"comment_status":"closed","ping_status":"open","template":"","meta":{"footnotes":""},"class_list":["post-2355","page","type-page","status-publish","hentry"],"_links":{"self":[{"href":"http:\/\/www.basenji.ee\/index.php?rest_route=\/wp\/v2\/pages\/2355","targetHints":{"allow":["GET"]}}],"collection":[{"href":"http:\/\/www.basenji.ee\/index.php?rest_route=\/wp\/v2\/pages"}],"about":[{"href":"http:\/\/www.basenji.ee\/index.php?rest_route=\/wp\/v2\/types\/page"}],"author":[{"embeddable":true,"href":"http:\/\/www.basenji.ee\/index.php?rest_route=\/wp\/v2\/users\/1"}],"replies":[{"embeddable":true,"href":"http:\/\/www.basenji.ee\/index.php?rest_route=%2Fwp%2Fv2%2Fcomments&post=2355"}],"version-history":[{"count":5,"href":"http:\/\/www.basenji.ee\/index.php?rest_route=\/wp\/v2\/pages\/2355\/revisions"}],"predecessor-version":[{"id":2725,"href":"http:\/\/www.basenji.ee\/index.php?rest_route=\/wp\/v2\/pages\/2355\/revisions\/2725"}],"wp:attachment":[{"href":"http:\/\/www.basenji.ee\/index.php?rest_route=%2Fwp%2Fv2%2Fmedia&parent=2355"}],"curies":[{"name":"wp","href":"https:\/\/api.w.org\/{rel}","templated":true}]}}